{"id":133,"date":"2025-11-16T17:13:29","date_gmt":"2025-11-16T16:13:29","guid":{"rendered":"https:\/\/www.cabinetrichard-avocat.com\/?page_id=133"},"modified":"2025-11-16T19:02:06","modified_gmt":"2025-11-16T18:02:06","slug":"les-honoraires","status":"publish","type":"page","link":"https:\/\/www.cabinetrichard-avocat.com\/?page_id=133","title":{"rendered":"LES HONORAIRES"},"content":{"rendered":"\n<p class=\"has-text-align-left\"><em>\u201cLa question n\u2019est pas de savoir combien vous co\u00fbte votre d\u00e9fense<\/em><br><em>mais combien il vous en co\u00fbtera de ne pas vous \u00eatre d\u00e9fendu.\u201d<\/em><br><em>D\u00e9mosth\u00e8ne (384-322)<\/em><\/p>\n\n\n\n<p><\/p>\n\n\n\n<p><\/p>\n\n\n\n<figure class=\"wp-block-image size-large is-style-default\"><img loading=\"lazy\" decoding=\"async\" width=\"768\" height=\"1024\" src=\"https:\/\/www.cabinetrichard-avocat.com\/wp-content\/uploads\/2025\/11\/palais3-1-768x1024.jpg\" alt=\"\" class=\"wp-image-144\" srcset=\"https:\/\/www.cabinetrichard-avocat.com\/wp-content\/uploads\/2025\/11\/palais3-1-768x1024.jpg 768w, https:\/\/www.cabinetrichard-avocat.com\/wp-content\/uploads\/2025\/11\/palais3-1-225x300.jpg 225w, https:\/\/www.cabinetrichard-avocat.com\/wp-content\/uploads\/2025\/11\/palais3-1-1152x1536.jpg 1152w, https:\/\/www.cabinetrichard-avocat.com\/wp-content\/uploads\/2025\/11\/palais3-1-1536x2048.jpg 1536w, https:\/\/www.cabinetrichard-avocat.com\/wp-content\/uploads\/2025\/11\/palais3-1-scaled.jpg 1920w\" sizes=\"auto, (max-width: 768px) 100vw, 768px\" \/><\/figure>\n\n\n\n<p><\/p>\n","protected":false},"excerpt":{"rendered":"<p>\u201cLa question n\u2019est pas de savoir combien vous co\u00fbte votre d\u00e9fensemais combien il vous en co\u00fbtera de ne pas vous \u00eatre d\u00e9fendu.\u201dD\u00e9mosth\u00e8ne (384-322)<\/p>\n","protected":false},"author":1,"featured_media":136,"parent":0,"menu_order":0,"comment_status":"closed","ping_status":"closed","template":"","meta":{"footnotes":""},"class_list":["post-133","page","type-page","status-publish","has-post-thumbnail","hentry"],"_links":{"self":[{"href":"https:\/\/www.cabinetrichard-avocat.com\/index.php?rest_route=\/wp\/v2\/pages\/133","targetHints":{"allow":["GET"]}}],"collection":[{"href":"https:\/\/www.cabinetrichard-avocat.com\/index.php?rest_route=\/wp\/v2\/pages"}],"about":[{"href":"https:\/\/www.cabinetrichard-avocat.com\/index.php?rest_route=\/wp\/v2\/types\/page"}],"author":[{"embeddable":true,"href":"https:\/\/www.cabinetrichard-avocat.com\/index.php?rest_route=\/wp\/v2\/users\/1"}],"replies":[{"embeddable":true,"href":"https:\/\/www.cabinetrichard-avocat.com\/index.php?rest_route=%2Fwp%2Fv2%2Fcomments&post=133"}],"version-history":[{"count":6,"href":"https:\/\/www.cabinetrichard-avocat.com\/index.php?rest_route=\/wp\/v2\/pages\/133\/revisions"}],"predecessor-version":[{"id":145,"href":"https:\/\/www.cabinetrichard-avocat.com\/index.php?rest_route=\/wp\/v2\/pages\/133\/revisions\/145"}],"wp:featuredmedia":[{"embeddable":true,"href":"https:\/\/www.cabinetrichard-avocat.com\/index.php?rest_route=\/wp\/v2\/media\/136"}],"wp:attachment":[{"href":"https:\/\/www.cabinetrichard-avocat.com\/index.php?rest_route=%2Fwp%2Fv2%2Fmedia&parent=133"}],"curies":[{"name":"wp","href":"https:\/\/api.w.org\/{rel}","templated":true}]}}