{"id":75,"date":"2025-11-13T00:39:41","date_gmt":"2025-11-12T23:39:41","guid":{"rendered":"https:\/\/www.cabinetrichard-avocat.com\/?page_id=75"},"modified":"2025-11-16T16:39:43","modified_gmt":"2025-11-16T15:39:43","slug":"les-avocats","status":"publish","type":"page","link":"https:\/\/www.cabinetrichard-avocat.com\/?page_id=75","title":{"rendered":"LES AVOCATS"},"content":{"rendered":"<div class=\"wp-block-image is-style-rounded\">\n<figure class=\"alignleft size-large is-resized\"><img loading=\"lazy\" decoding=\"async\" width=\"768\" height=\"1024\" src=\"https:\/\/www.cabinetrichard-avocat.com\/wp-content\/uploads\/2025\/11\/PHOTO-2025-02-09-21-06-56-768x1024.jpg\" alt=\"\" class=\"wp-image-78\" style=\"width:256px;height:auto\" srcset=\"https:\/\/www.cabinetrichard-avocat.com\/wp-content\/uploads\/2025\/11\/PHOTO-2025-02-09-21-06-56-768x1023.jpg 768w, https:\/\/www.cabinetrichard-avocat.com\/wp-content\/uploads\/2025\/11\/PHOTO-2025-02-09-21-06-56-225x300.jpg 225w, https:\/\/www.cabinetrichard-avocat.com\/wp-content\/uploads\/2025\/11\/PHOTO-2025-02-09-21-06-56-1153x1536.jpg 1153w, https:\/\/www.cabinetrichard-avocat.com\/wp-content\/uploads\/2025\/11\/PHOTO-2025-02-09-21-06-56.jpg 1200w\" sizes=\"auto, (max-width: 768px) 100vw, 768px\" \/><\/figure>\n<\/div>\n\n\n<h2 class=\"wp-block-heading\">Depuis 20 ans, Ma\u00eetre C\u00e9cile RICHARD assiste, conseille et accompagne ses clients, particuliers ou<br>institutionnels, dans leur(s) dossier(s), \u00e0 l&#8217;amiable ou en contentieux.<\/h2>\n\n\n\n<p>Dipl\u00f4m\u00e9e de l\u2019universit\u00e9 Panth\u00e9on Assas &#8211; Paris II, de<br>l\u2019\u00e9cole de formation, des barreaux pr\u00e8s la Cour d\u2019Appel de Paris- EFB,<br>Ma\u00eetre C\u00e9cile RICHARD a d\u00e9but\u00e9 sa carri\u00e8re comme avocat-collaborateur g\u00e9n\u00e9raliste au<br>barreau de Melun, puis de Paris, notamment aupr\u00e8s de Ma\u00eetre Jacques<br>DJIAN, avec qui elle a travaill\u00e9 pendant 11 ans, \u00e9tant en charge du<br>contentieux des gardiens d\u2019Immeuble devant les juridictions sociales.<br>Elle a \u00e9galement d\u00e9velopp\u00e9 une expertise en droit de la famille et en droit m\u00e9dical, particuli\u00e8rement en responsabilit\u00e9 m\u00e9dicale, ainsi qu&#8217;en droit p\u00e9nal.<\/p>\n\n\n\n<p><\/p>\n","protected":false},"excerpt":{"rendered":"<p>Depuis 20 ans, Ma\u00eetre C\u00e9cile RICHARD assiste, conseille et accompagne ses clients, particuliers ouinstitutionnels, dans leur(s) dossier(s), \u00e0 l&#8217;amiable ou en contentieux. Dipl\u00f4m\u00e9e de l\u2019universit\u00e9 Panth\u00e9on Assas &#8211; Paris II, del\u2019\u00e9cole de formation, des barreaux pr\u00e8s la Cour d\u2019Appel de Paris- EFB,Ma\u00eetre C\u00e9cile RICHARD a d\u00e9but\u00e9 sa carri\u00e8re comme avocat-collaborateur g\u00e9n\u00e9raliste aubarreau de Melun, puis [&hellip;]<\/p>\n","protected":false},"author":1,"featured_media":111,"parent":0,"menu_order":0,"comment_status":"closed","ping_status":"closed","template":"","meta":{"footnotes":""},"class_list":["post-75","page","type-page","status-publish","has-post-thumbnail","hentry"],"_links":{"self":[{"href":"https:\/\/www.cabinetrichard-avocat.com\/index.php?rest_route=\/wp\/v2\/pages\/75","targetHints":{"allow":["GET"]}}],"collection":[{"href":"https:\/\/www.cabinetrichard-avocat.com\/index.php?rest_route=\/wp\/v2\/pages"}],"about":[{"href":"https:\/\/www.cabinetrichard-avocat.com\/index.php?rest_route=\/wp\/v2\/types\/page"}],"author":[{"embeddable":true,"href":"https:\/\/www.cabinetrichard-avocat.com\/index.php?rest_route=\/wp\/v2\/users\/1"}],"replies":[{"embeddable":true,"href":"https:\/\/www.cabinetrichard-avocat.com\/index.php?rest_route=%2Fwp%2Fv2%2Fcomments&post=75"}],"version-history":[{"count":7,"href":"https:\/\/www.cabinetrichard-avocat.com\/index.php?rest_route=\/wp\/v2\/pages\/75\/revisions"}],"predecessor-version":[{"id":83,"href":"https:\/\/www.cabinetrichard-avocat.com\/index.php?rest_route=\/wp\/v2\/pages\/75\/revisions\/83"}],"wp:featuredmedia":[{"embeddable":true,"href":"https:\/\/www.cabinetrichard-avocat.com\/index.php?rest_route=\/wp\/v2\/media\/111"}],"wp:attachment":[{"href":"https:\/\/www.cabinetrichard-avocat.com\/index.php?rest_route=%2Fwp%2Fv2%2Fmedia&parent=75"}],"curies":[{"name":"wp","href":"https:\/\/api.w.org\/{rel}","templated":true}]}}